{"id":18718,"date":"2020-03-03T15:05:45","date_gmt":"2020-03-03T14:05:45","guid":{"rendered":"https:\/\/gerama.ch\/a-propos\/"},"modified":"2024-06-17T11:28:02","modified_gmt":"2024-06-17T09:28:02","slug":"liegenschaftverwaltung","status":"publish","type":"page","link":"https:\/\/gerama.ch\/de\/liegenschaftverwaltung\/","title":{"rendered":"A propos"},"content":{"rendered":"\t\t<div data-elementor-type=\"wp-page\" data-elementor-id=\"18718\" class=\"elementor elementor-18718 elementor-18473\" data-elementor-post-type=\"page\">\n\t\t\t\t\t\t<section class=\"elementor-section elementor-top-section elementor-element elementor-element-d89064c elementor-section-stretched elementor-section-full_width elementor-section-height-default elementor-section-height-default\" data-id=\"d89064c\" data-element_type=\"section\" data-e-type=\"section\" data-settings=\"{&quot;stretch_section&quot;:&quot;section-stretched&quot;,&quot;jet_parallax_layout_list&quot;:[]}\">\n\t\t\t\t\t\t<div class=\"elementor-container elementor-column-gap-default\">\n\t\t\t\t\t<div class=\"elementor-column elementor-col-100 elementor-top-column elementor-element elementor-element-6917685\" data-id=\"6917685\" data-element_type=\"column\" data-e-type=\"column\" data-settings=\"{&quot;background_background&quot;:&quot;classic&quot;}\">\n\t\t\t<div class=\"elementor-widget-wrap elementor-element-populated\">\n\t\t\t\t\t\t<section class=\"elementor-section elementor-inner-section elementor-element elementor-element-59f3b39 elementor-reverse-mobile elementor-section-boxed elementor-section-height-default elementor-section-height-default\" data-id=\"59f3b39\" data-element_type=\"section\" data-e-type=\"section\" data-settings=\"{&quot;background_background&quot;:&quot;classic&quot;,&quot;jet_parallax_layout_list&quot;:[]}\">\n\t\t\t\t\t\t<div class=\"elementor-container elementor-column-gap-default\">\n\t\t\t\t\t<div class=\"elementor-column elementor-col-100 elementor-inner-column elementor-element elementor-element-234667c\" data-id=\"234667c\" data-element_type=\"column\" data-e-type=\"column\" data-settings=\"{&quot;background_background&quot;:&quot;classic&quot;}\">\n\t\t\t<div class=\"elementor-widget-wrap elementor-element-populated\">\n\t\t\t\t\t\t<div class=\"elementor-element elementor-element-172f82d animated-fast elementor-invisible elementor-widget elementor-widget-heading\" data-id=\"172f82d\" data-element_type=\"widget\" data-e-type=\"widget\" data-settings=\"{&quot;_animation&quot;:&quot;opal-move-up&quot;}\" data-widget_type=\"heading.default\">\n\t\t\t\t<div class=\"elementor-widget-container\">\n\t\t\t\t\t<h2 class=\"elementor-heading-title elementor-size-default\">Gerama Immobilien - Wir sind ihr zuverl\u00e4ssiger Partner<\/h2>\t\t\t\t<\/div>\n\t\t\t\t<\/div>\n\t\t\t\t<div class=\"elementor-element elementor-element-61db1aa elementor-widget-divider--view-line elementor-widget elementor-widget-divider\" data-id=\"61db1aa\" data-element_type=\"widget\" data-e-type=\"widget\" data-widget_type=\"divider.default\">\n\t\t\t\t<div class=\"elementor-widget-container\">\n\t\t\t\t\t\t\t<div class=\"elementor-divider\">\n\t\t\t<span class=\"elementor-divider-separator\">\n\t\t\t\t\t\t<\/span>\n\t\t<\/div>\n\t\t\t\t\t\t<\/div>\n\t\t\t\t<\/div>\n\t\t\t\t<div class=\"elementor-element elementor-element-34c70a8 elementor-widget elementor-widget-heading\" data-id=\"34c70a8\" data-element_type=\"widget\" data-e-type=\"widget\" data-widget_type=\"heading.default\">\n\t\t\t\t<div class=\"elementor-widget-container\">\n\t\t\t\t\t<h2 class=\"elementor-heading-title elementor-size-default\">ETHISCHE UND NACHHALTIGE IMMOBILIENVERWALTUNG<\/h2>\t\t\t\t<\/div>\n\t\t\t\t<\/div>\n\t\t\t\t<div class=\"elementor-element elementor-element-20513ce elementor-widget elementor-widget-text-editor\" data-id=\"20513ce\" data-element_type=\"widget\" data-e-type=\"widget\" data-widget_type=\"text-editor.default\">\n\t\t\t\t<div class=\"elementor-widget-container\">\n\t\t\t\t\t\t\t\t\t<p><em>Immobilienethik war schon immer ein Wert, den wir kompromisslos anwenden. Eigent\u00fcmer, Mieter und Partner profitieren gleicherma\u00dfen von unseren qualitativ hochwertigen Dienstleistungen, die auf einem Band des Vertrauens, der Loyalit\u00e4t und der Sorgfalt basieren und eine solide Dauerhaftigkeit garantieren.<\/em><\/p>\t\t\t\t\t\t\t\t<\/div>\n\t\t\t\t<\/div>\n\t\t\t\t\t<\/div>\n\t\t<\/div>\n\t\t\t\t\t<\/div>\n\t\t<\/section>\n\t\t\t\t\t<\/div>\n\t\t<\/div>\n\t\t\t\t\t<\/div>\n\t\t<\/section>\n\t\t\t\t<section class=\"elementor-section elementor-top-section elementor-element elementor-element-3052552 elementor-section-stretched elementor-section-full_width elementor-section-height-default elementor-section-height-default\" data-id=\"3052552\" data-element_type=\"section\" data-e-type=\"section\" data-settings=\"{&quot;stretch_section&quot;:&quot;section-stretched&quot;,&quot;jet_parallax_layout_list&quot;:[]}\">\n\t\t\t\t\t\t\t<div class=\"elementor-background-overlay\"><\/div>\n\t\t\t\t\t\t\t<div class=\"elementor-container elementor-column-gap-default\">\n\t\t\t\t\t<div class=\"elementor-column elementor-col-100 elementor-top-column elementor-element elementor-element-3255cc0\" data-id=\"3255cc0\" data-element_type=\"column\" data-e-type=\"column\" data-settings=\"{&quot;background_background&quot;:&quot;classic&quot;}\">\n\t\t\t<div class=\"elementor-widget-wrap elementor-element-populated\">\n\t\t\t\t\t\t<section class=\"elementor-section elementor-inner-section elementor-element elementor-element-3d531432 elementor-reverse-mobile elementor-section-boxed elementor-section-height-default elementor-section-height-default\" data-id=\"3d531432\" data-element_type=\"section\" data-e-type=\"section\" data-settings=\"{&quot;background_background&quot;:&quot;classic&quot;,&quot;jet_parallax_layout_list&quot;:[]}\">\n\t\t\t\t\t\t<div class=\"elementor-container elementor-column-gap-default\">\n\t\t\t\t\t<div class=\"elementor-column elementor-col-50 elementor-inner-column elementor-element elementor-element-6b9accbd\" data-id=\"6b9accbd\" data-element_type=\"column\" data-e-type=\"column\">\n\t\t\t<div class=\"elementor-widget-wrap elementor-element-populated\">\n\t\t\t\t\t\t<div class=\"elementor-element elementor-element-228e94ad elementor-invisible elementor-widget elementor-widget-image-box\" data-id=\"228e94ad\" data-element_type=\"widget\" data-e-type=\"widget\" data-settings=\"{&quot;_animation&quot;:&quot;fadeInLeft&quot;}\" data-widget_type=\"image-box.default\">\n\t\t\t\t<div class=\"elementor-widget-container\">\n\t\t\t\t\t<div class=\"elementor-image-box-wrapper\"><div class=\"elementor-image-box-content\"><h3 class=\"elementor-image-box-title\">Seit mehr als 30 Jahren <\/h3><p class=\"elementor-image-box-description\">Seit mehr als 30 Jahren \u00fcben wir alle Berufe der Immobilienbranche mit Leidenschaft aus, um Ihnen einen perfekt auf Ihre Bed\u00fcrfnisse abgestimmten Service zu bieten.<br><br>\nOb im Rahmen der Verwaltung, der Vermietung, der Vermittlung (Kauf\/Verkauf), der Expertise oder des Stockwerkeigentums, unsere perfekt ausgebildeten Mitarbeiter werden Ihre Erwartungen auf erfahrene Weise erf\u00fcllen.\n<\/p><\/div><\/div>\t\t\t\t<\/div>\n\t\t\t\t<\/div>\n\t\t\t\t<div class=\"elementor-element elementor-element-67b6d7a6 elementor-invisible elementor-widget elementor-widget-image\" data-id=\"67b6d7a6\" data-element_type=\"widget\" data-e-type=\"widget\" data-settings=\"{&quot;_animation&quot;:&quot;fadeInUp&quot;}\" data-widget_type=\"image.default\">\n\t\t\t\t<div class=\"elementor-widget-container\">\n\t\t\t\t\t\t\t\t\t\t\t\t\t\t\t<img fetchpriority=\"high\" decoding=\"async\" width=\"725\" height=\"1024\" src=\"data:image\/gif;base64,R0lGODlhAQABAAAAACH5BAEKAAEALAAAAAABAAEAAAICTAEAOw==\" class=\"attachment-large size-large wp-image-151957 lazyload\" alt=\"\" sizes=\"(max-width: 725px) 100vw, 725px\" data-src=\"https:\/\/gerama.ch\/wp-content\/uploads\/2020\/06\/APropos2-725x1024.jpg\" data-srcset=\"https:\/\/gerama.ch\/wp-content\/uploads\/2020\/06\/APropos2-725x1024.jpg 725w, https:\/\/gerama.ch\/wp-content\/uploads\/2020\/06\/APropos2-212x300.jpg 212w, https:\/\/gerama.ch\/wp-content\/uploads\/2020\/06\/APropos2-768x1085.jpg 768w, https:\/\/gerama.ch\/wp-content\/uploads\/2020\/06\/APropos2.jpg 892w\">\t\t\t\t\t\t\t\t\t\t\t\t\t\t\t<\/div>\n\t\t\t\t<\/div>\n\t\t\t\t\t<\/div>\n\t\t<\/div>\n\t\t\t\t<div class=\"elementor-column elementor-col-50 elementor-inner-column elementor-element elementor-element-6d5ac53c\" data-id=\"6d5ac53c\" data-element_type=\"column\" data-e-type=\"column\">\n\t\t\t<div class=\"elementor-widget-wrap elementor-element-populated\">\n\t\t\t\t\t\t<div class=\"elementor-element elementor-element-e4e8563 elementor-invisible elementor-widget elementor-widget-image\" data-id=\"e4e8563\" data-element_type=\"widget\" data-e-type=\"widget\" data-settings=\"{&quot;_animation&quot;:&quot;fadeInDown&quot;}\" data-widget_type=\"image.default\">\n\t\t\t\t<div class=\"elementor-widget-container\">\n\t\t\t\t\t\t\t\t\t\t\t\t\t\t\t<img decoding=\"async\" width=\"712\" height=\"1024\" src=\"data:image\/gif;base64,R0lGODlhAQABAAAAACH5BAEKAAEALAAAAAABAAEAAAICTAEAOw==\" class=\"attachment-large size-large wp-image-150165 lazyload\" alt=\"\" sizes=\"(max-width: 712px) 100vw, 712px\" data-src=\"https:\/\/gerama.ch\/wp-content\/uploads\/2020\/06\/Apropos1-712x1024.jpg\" data-srcset=\"https:\/\/gerama.ch\/wp-content\/uploads\/2020\/06\/Apropos1-712x1024.jpg 712w, https:\/\/gerama.ch\/wp-content\/uploads\/2020\/06\/Apropos1-209x300.jpg 209w, https:\/\/gerama.ch\/wp-content\/uploads\/2020\/06\/Apropos1-768x1105.jpg 768w, https:\/\/gerama.ch\/wp-content\/uploads\/2020\/06\/Apropos1.jpg 833w\">\t\t\t\t\t\t\t\t\t\t\t\t\t\t\t<\/div>\n\t\t\t\t<\/div>\n\t\t\t\t<div class=\"elementor-element elementor-element-2c104fa4 elementor-invisible elementor-widget elementor-widget-image-box\" data-id=\"2c104fa4\" data-element_type=\"widget\" data-e-type=\"widget\" data-settings=\"{&quot;_animation&quot;:&quot;fadeInLeft&quot;}\" data-widget_type=\"image-box.default\">\n\t\t\t\t<div class=\"elementor-widget-container\">\n\t\t\t\t\t<div class=\"elementor-image-box-wrapper\"><div class=\"elementor-image-box-content\"><h3 class=\"elementor-image-box-title\">Auf dem neuesten Stand der Technik <\/h3><p class=\"elementor-image-box-description\">Auf dem neuesten Stand der Technik unterst\u00fctzen unsere IT-Tools unsere t\u00e4gliche Arbeit effizient.<br><br> \nUnser Wettbewerbsvorteil liegt auch in der Verwaltung Ihres Immobilienportfolios in <font color=\"#D40030\">deutscher<\/font> und <font color=\"#D40030\">franz\u00f6sischer<\/font> Sprache.<\/p><\/div><\/div>\t\t\t\t<\/div>\n\t\t\t\t<\/div>\n\t\t\t\t\t<\/div>\n\t\t<\/div>\n\t\t\t\t\t<\/div>\n\t\t<\/section>\n\t\t\t\t\t<\/div>\n\t\t<\/div>\n\t\t\t\t\t<\/div>\n\t\t<\/section>\n\t\t\t\t<section class=\"elementor-section elementor-top-section elementor-element elementor-element-aa9e83b elementor-section-stretched elementor-section-boxed elementor-section-height-default elementor-section-height-default\" data-id=\"aa9e83b\" data-element_type=\"section\" data-e-type=\"section\" data-settings=\"{&quot;stretch_section&quot;:&quot;section-stretched&quot;,&quot;background_background&quot;:&quot;classic&quot;,&quot;jet_parallax_layout_list&quot;:[{&quot;jet_parallax_layout_image&quot;:{&quot;url&quot;:&quot;&quot;,&quot;id&quot;:&quot;&quot;,&quot;size&quot;:&quot;&quot;},&quot;_id&quot;:&quot;563d648&quot;,&quot;jet_parallax_layout_image_tablet&quot;:{&quot;url&quot;:&quot;&quot;,&quot;id&quot;:&quot;&quot;,&quot;size&quot;:&quot;&quot;},&quot;jet_parallax_layout_image_mobile&quot;:{&quot;url&quot;:&quot;&quot;,&quot;id&quot;:&quot;&quot;,&quot;size&quot;:&quot;&quot;},&quot;jet_parallax_layout_speed&quot;:{&quot;unit&quot;:&quot;%&quot;,&quot;size&quot;:50,&quot;sizes&quot;:[]},&quot;jet_parallax_layout_type&quot;:&quot;scroll&quot;,&quot;jet_parallax_layout_direction&quot;:&quot;1&quot;,&quot;jet_parallax_layout_fx_direction&quot;:null,&quot;jet_parallax_layout_z_index&quot;:&quot;&quot;,&quot;jet_parallax_layout_bg_x&quot;:50,&quot;jet_parallax_layout_bg_x_tablet&quot;:&quot;&quot;,&quot;jet_parallax_layout_bg_x_mobile&quot;:&quot;&quot;,&quot;jet_parallax_layout_bg_y&quot;:50,&quot;jet_parallax_layout_bg_y_tablet&quot;:&quot;&quot;,&quot;jet_parallax_layout_bg_y_mobile&quot;:&quot;&quot;,&quot;jet_parallax_layout_bg_size&quot;:&quot;auto&quot;,&quot;jet_parallax_layout_bg_size_tablet&quot;:&quot;&quot;,&quot;jet_parallax_layout_bg_size_mobile&quot;:&quot;&quot;,&quot;jet_parallax_layout_animation_prop&quot;:&quot;transform&quot;,&quot;jet_parallax_layout_on&quot;:[&quot;desktop&quot;,&quot;tablet&quot;]}]}\">\n\t\t\t\t\t\t<div class=\"elementor-container elementor-column-gap-no\">\n\t\t\t\t\t<div class=\"elementor-column elementor-col-50 elementor-top-column elementor-element elementor-element-00b6246\" data-id=\"00b6246\" data-element_type=\"column\" data-e-type=\"column\">\n\t\t\t<div class=\"elementor-widget-wrap elementor-element-populated\">\n\t\t\t\t\t\t<div class=\"elementor-element elementor-element-e1cb069 animated-fast elementor-invisible elementor-widget elementor-widget-heading\" data-id=\"e1cb069\" data-element_type=\"widget\" data-e-type=\"widget\" data-settings=\"{&quot;_animation&quot;:&quot;opal-move-up&quot;}\" data-widget_type=\"heading.default\">\n\t\t\t\t<div class=\"elementor-widget-container\">\n\t\t\t\t\t<h1 class=\"elementor-heading-title elementor-size-default\">DIE GRUNDLAGE DES VERTRAUENS DER KUNDEN<\/h1>\t\t\t\t<\/div>\n\t\t\t\t<\/div>\n\t\t\t\t<div class=\"elementor-element elementor-element-712a8b2 elementor-widget elementor-widget-text-editor\" data-id=\"712a8b2\" data-element_type=\"widget\" data-e-type=\"widget\" data-widget_type=\"text-editor.default\">\n\t\t\t\t<div class=\"elementor-widget-container\">\n\t\t\t\t\t\t\t\t\t<p>Der ISAE 3402-Standard gew\u00e4hrleistet die SICHERHEIT der Kunden!<\/p><p>ISAE 3402 (International Standard on Assurance Engagements Nr. 3402) ist ein am 15. Juni 2011 eingef\u00fchrter Standard, der es den Nutzern von ausgelagerten Dienstleistungen erm\u00f6glicht, Sicherheit \u00fcber die Zuverl\u00e4ssigkeit des internen Kontrollsystems f\u00fcr ihre Dienstleistungen zu erlangen.<\/p><p>Er ist der neue internationale Standard im Bereich der Risiken und des Outsourcings von Dienstleistungen.<\/p>\t\t\t\t\t\t\t\t<\/div>\n\t\t\t\t<\/div>\n\t\t\t\t\t<\/div>\n\t\t<\/div>\n\t\t\t\t<div class=\"elementor-column elementor-col-50 elementor-top-column elementor-element elementor-element-320f0f4\" data-id=\"320f0f4\" data-element_type=\"column\" data-e-type=\"column\">\n\t\t\t<div class=\"elementor-widget-wrap elementor-element-populated\">\n\t\t\t\t\t\t<div class=\"elementor-element elementor-element-cb09691 elementor-widget elementor-widget-image\" data-id=\"cb09691\" data-element_type=\"widget\" data-e-type=\"widget\" data-widget_type=\"image.default\">\n\t\t\t\t<div class=\"elementor-widget-container\">\n\t\t\t\t\t\t\t\t\t\t\t\t\t\t\t<img decoding=\"async\" width=\"800\" height=\"240\" src=\"data:image\/gif;base64,R0lGODlhAQABAAAAACH5BAEKAAEALAAAAAABAAEAAAICTAEAOw==\" class=\"attachment-large size-large wp-image-1140843 lazyload\" alt=\"\" sizes=\"(max-width: 800px) 100vw, 800px\" data-src=\"https:\/\/gerama.ch\/wp-content\/uploads\/2024\/06\/ISAE_logo-Transparent-2-1.png\" data-srcset=\"https:\/\/gerama.ch\/wp-content\/uploads\/2024\/06\/ISAE_logo-Transparent-2-1.png 800w, https:\/\/gerama.ch\/wp-content\/uploads\/2024\/06\/ISAE_logo-Transparent-2-1-300x90.png 300w, https:\/\/gerama.ch\/wp-content\/uploads\/2024\/06\/ISAE_logo-Transparent-2-1-768x230.png 768w\">\t\t\t\t\t\t\t\t\t\t\t\t\t\t\t<\/div>\n\t\t\t\t<\/div>\n\t\t\t\t\t<\/div>\n\t\t<\/div>\n\t\t\t\t\t<\/div>\n\t\t<\/section>\n\t\t\t\t<\/div>\n\t\t","protected":false},"excerpt":{"rendered":"<p>Gerama Immobilien &#8211; Wir sind ihr zuverl\u00e4ssiger Partner ETHISCHE UND NACHHALTIGE IMMOBILIENVERWALTUNG Immobilienethik war schon immer ein Wert, den wir kompromisslos anwenden. Eigent\u00fcmer, Mieter und Partner profitieren gleicherma\u00dfen von unseren qualitativ hochwertigen Dienstleistungen, die auf einem Band des Vertrauens, der Loyalit\u00e4t und der Sorgfalt basieren und eine solide Dauerhaftigkeit garantieren. Seit mehr als 30 Jahren Seit mehr als 30 Jahren \u00fcben wir alle Berufe &#8230;<\/p>\n","protected":false},"author":1,"featured_media":0,"parent":0,"menu_order":0,"comment_status":"closed","ping_status":"closed","template":"","meta":{"footnotes":""},"class_list":["post-18718","page","type-page","status-publish","hentry"],"yoast_head":"<!-- This site is optimized with the Yoast SEO plugin v27.5 - https:\/\/yoast.com\/product\/yoast-seo-wordpress\/ -->\n<title>Liegenschaftsverwaltung &#8211; Gerama Immobilien &#8211; Freiburg<\/title>\n<meta name=\"description\" content=\"Gerama ist seit 1990 im Immobiliengesch\u00e4ft in Freiburg und im Mittelland t\u00e4tig und hilft Ihnen beim Kauf, Verkauf oder der Vermietung Ihrer Immobilie.\" \/>\n<meta name=\"robots\" content=\"index, follow, max-snippet:-1, max-image-preview:large, max-video-preview:-1\" \/>\n<link rel=\"canonical\" href=\"https:\/\/gerama.ch\/de\/liegenschaftverwaltung\/\" \/>\n<meta property=\"og:locale\" content=\"de_DE\" \/>\n<meta property=\"og:type\" content=\"article\" \/>\n<meta property=\"og:title\" content=\"Liegenschaftsverwaltung &#8211; Gerama Immobilien &#8211; Freiburg\" \/>\n<meta property=\"og:description\" content=\"Gerama ist seit 1990 im Immobiliengesch\u00e4ft in Freiburg und im Mittelland t\u00e4tig und hilft Ihnen beim Kauf, Verkauf oder der Vermietung Ihrer Immobilie.\" \/>\n<meta property=\"og:url\" content=\"https:\/\/gerama.ch\/de\/liegenschaftverwaltung\/\" \/>\n<meta property=\"og:site_name\" content=\"Gerama\" \/>\n<meta property=\"article:publisher\" content=\"https:\/\/www.latest.facebook.com\/geramaag\/\" \/>\n<meta property=\"article:modified_time\" content=\"2024-06-17T09:28:02+00:00\" \/>\n<meta property=\"og:image\" content=\"https:\/\/gerama.ch\/wp-content\/uploads\/2020\/06\/APropos2-725x1024.jpg\" \/>\n<meta name=\"twitter:card\" content=\"summary_large_image\" \/>\n<meta name=\"twitter:label1\" content=\"Gesch\u00e4tzte Lesezeit\" \/>\n\t<meta name=\"twitter:data1\" content=\"2\u00a0Minuten\" \/>\n<script type=\"application\/ld+json\" class=\"yoast-schema-graph\">{\"@context\":\"https:\\\/\\\/schema.org\",\"@graph\":[{\"@type\":\"WebPage\",\"@id\":\"https:\\\/\\\/gerama.ch\\\/de\\\/liegenschaftverwaltung\\\/\",\"url\":\"https:\\\/\\\/gerama.ch\\\/de\\\/liegenschaftverwaltung\\\/\",\"name\":\"Liegenschaftsverwaltung &#8211; Gerama Immobilien &#8211; Freiburg\",\"isPartOf\":{\"@id\":\"https:\\\/\\\/gerama.ch\\\/de\\\/#website\"},\"primaryImageOfPage\":{\"@id\":\"https:\\\/\\\/gerama.ch\\\/de\\\/liegenschaftverwaltung\\\/#primaryimage\"},\"image\":{\"@id\":\"https:\\\/\\\/gerama.ch\\\/de\\\/liegenschaftverwaltung\\\/#primaryimage\"},\"thumbnailUrl\":\"https:\\\/\\\/gerama.ch\\\/wp-content\\\/uploads\\\/2020\\\/06\\\/APropos2-725x1024.jpg\",\"datePublished\":\"2020-03-03T14:05:45+00:00\",\"dateModified\":\"2024-06-17T09:28:02+00:00\",\"description\":\"Gerama ist seit 1990 im Immobiliengesch\u00e4ft in Freiburg und im Mittelland t\u00e4tig und hilft Ihnen beim Kauf, Verkauf oder der Vermietung Ihrer Immobilie.\",\"breadcrumb\":{\"@id\":\"https:\\\/\\\/gerama.ch\\\/de\\\/liegenschaftverwaltung\\\/#breadcrumb\"},\"inLanguage\":\"de\",\"potentialAction\":[{\"@type\":\"ReadAction\",\"target\":[\"https:\\\/\\\/gerama.ch\\\/de\\\/liegenschaftverwaltung\\\/\"]}]},{\"@type\":\"ImageObject\",\"inLanguage\":\"de\",\"@id\":\"https:\\\/\\\/gerama.ch\\\/de\\\/liegenschaftverwaltung\\\/#primaryimage\",\"url\":\"https:\\\/\\\/gerama.ch\\\/wp-content\\\/uploads\\\/2020\\\/06\\\/APropos2-725x1024.jpg\",\"contentUrl\":\"https:\\\/\\\/gerama.ch\\\/wp-content\\\/uploads\\\/2020\\\/06\\\/APropos2-725x1024.jpg\"},{\"@type\":\"BreadcrumbList\",\"@id\":\"https:\\\/\\\/gerama.ch\\\/de\\\/liegenschaftverwaltung\\\/#breadcrumb\",\"itemListElement\":[{\"@type\":\"ListItem\",\"position\":1,\"name\":\"Accueil\",\"item\":\"https:\\\/\\\/gerama.ch\\\/de\\\/gerama-immobilien-freiburg-mieten-kaufen\\\/\"},{\"@type\":\"ListItem\",\"position\":2,\"name\":\"A propos\"}]},{\"@type\":\"WebSite\",\"@id\":\"https:\\\/\\\/gerama.ch\\\/de\\\/#website\",\"url\":\"https:\\\/\\\/gerama.ch\\\/de\\\/\",\"name\":\"Gerama\",\"description\":\"\",\"publisher\":{\"@id\":\"https:\\\/\\\/gerama.ch\\\/de\\\/#organization\"},\"potentialAction\":[{\"@type\":\"SearchAction\",\"target\":{\"@type\":\"EntryPoint\",\"urlTemplate\":\"https:\\\/\\\/gerama.ch\\\/de\\\/?s={search_term_string}\"},\"query-input\":{\"@type\":\"PropertyValueSpecification\",\"valueRequired\":true,\"valueName\":\"search_term_string\"}}],\"inLanguage\":\"de\"},{\"@type\":\"Organization\",\"@id\":\"https:\\\/\\\/gerama.ch\\\/de\\\/#organization\",\"name\":\"Gerama Immobilier Immobilien\",\"url\":\"https:\\\/\\\/gerama.ch\\\/de\\\/\",\"logo\":{\"@type\":\"ImageObject\",\"inLanguage\":\"de\",\"@id\":\"https:\\\/\\\/gerama.ch\\\/de\\\/#\\\/schema\\\/logo\\\/image\\\/\",\"url\":\"https:\\\/\\\/gerama.ch\\\/wp-content\\\/uploads\\\/2020\\\/05\\\/logoSmall.png\",\"contentUrl\":\"https:\\\/\\\/gerama.ch\\\/wp-content\\\/uploads\\\/2020\\\/05\\\/logoSmall.png\",\"width\":150,\"height\":74,\"caption\":\"Gerama Immobilier Immobilien\"},\"image\":{\"@id\":\"https:\\\/\\\/gerama.ch\\\/de\\\/#\\\/schema\\\/logo\\\/image\\\/\"},\"sameAs\":[\"https:\\\/\\\/www.latest.facebook.com\\\/geramaag\\\/\",\"https:\\\/\\\/www.youtube.com\\\/@geramaimmobilier3471\",\"https:\\\/\\\/www.linkedin.com\\\/company\\\/gerama\\\/posts\\\/?feedView=all\",\"https:\\\/\\\/www.instagram.com\\\/geramaimmobilier\\\/\"]}]}<\/script>\n<!-- \/ Yoast SEO plugin. -->","yoast_head_json":{"title":"Liegenschaftsverwaltung &#8211; Gerama Immobilien &#8211; Freiburg","description":"Gerama ist seit 1990 im Immobiliengesch\u00e4ft in Freiburg und im Mittelland t\u00e4tig und hilft Ihnen beim Kauf, Verkauf oder der Vermietung Ihrer Immobilie.","robots":{"index":"index","follow":"follow","max-snippet":"max-snippet:-1","max-image-preview":"max-image-preview:large","max-video-preview":"max-video-preview:-1"},"canonical":"https:\/\/gerama.ch\/de\/liegenschaftverwaltung\/","og_locale":"de_DE","og_type":"article","og_title":"Liegenschaftsverwaltung &#8211; Gerama Immobilien &#8211; Freiburg","og_description":"Gerama ist seit 1990 im Immobiliengesch\u00e4ft in Freiburg und im Mittelland t\u00e4tig und hilft Ihnen beim Kauf, Verkauf oder der Vermietung Ihrer Immobilie.","og_url":"https:\/\/gerama.ch\/de\/liegenschaftverwaltung\/","og_site_name":"Gerama","article_publisher":"https:\/\/www.latest.facebook.com\/geramaag\/","article_modified_time":"2024-06-17T09:28:02+00:00","og_image":[{"url":"https:\/\/gerama.ch\/wp-content\/uploads\/2020\/06\/APropos2-725x1024.jpg","type":"","width":"","height":""}],"twitter_card":"summary_large_image","twitter_misc":{"Gesch\u00e4tzte Lesezeit":"2\u00a0Minuten"},"schema":{"@context":"https:\/\/schema.org","@graph":[{"@type":"WebPage","@id":"https:\/\/gerama.ch\/de\/liegenschaftverwaltung\/","url":"https:\/\/gerama.ch\/de\/liegenschaftverwaltung\/","name":"Liegenschaftsverwaltung &#8211; Gerama Immobilien &#8211; Freiburg","isPartOf":{"@id":"https:\/\/gerama.ch\/de\/#website"},"primaryImageOfPage":{"@id":"https:\/\/gerama.ch\/de\/liegenschaftverwaltung\/#primaryimage"},"image":{"@id":"https:\/\/gerama.ch\/de\/liegenschaftverwaltung\/#primaryimage"},"thumbnailUrl":"https:\/\/gerama.ch\/wp-content\/uploads\/2020\/06\/APropos2-725x1024.jpg","datePublished":"2020-03-03T14:05:45+00:00","dateModified":"2024-06-17T09:28:02+00:00","description":"Gerama ist seit 1990 im Immobiliengesch\u00e4ft in Freiburg und im Mittelland t\u00e4tig und hilft Ihnen beim Kauf, Verkauf oder der Vermietung Ihrer Immobilie.","breadcrumb":{"@id":"https:\/\/gerama.ch\/de\/liegenschaftverwaltung\/#breadcrumb"},"inLanguage":"de","potentialAction":[{"@type":"ReadAction","target":["https:\/\/gerama.ch\/de\/liegenschaftverwaltung\/"]}]},{"@type":"ImageObject","inLanguage":"de","@id":"https:\/\/gerama.ch\/de\/liegenschaftverwaltung\/#primaryimage","url":"https:\/\/gerama.ch\/wp-content\/uploads\/2020\/06\/APropos2-725x1024.jpg","contentUrl":"https:\/\/gerama.ch\/wp-content\/uploads\/2020\/06\/APropos2-725x1024.jpg"},{"@type":"BreadcrumbList","@id":"https:\/\/gerama.ch\/de\/liegenschaftverwaltung\/#breadcrumb","itemListElement":[{"@type":"ListItem","position":1,"name":"Accueil","item":"https:\/\/gerama.ch\/de\/gerama-immobilien-freiburg-mieten-kaufen\/"},{"@type":"ListItem","position":2,"name":"A propos"}]},{"@type":"WebSite","@id":"https:\/\/gerama.ch\/de\/#website","url":"https:\/\/gerama.ch\/de\/","name":"Gerama","description":"","publisher":{"@id":"https:\/\/gerama.ch\/de\/#organization"},"potentialAction":[{"@type":"SearchAction","target":{"@type":"EntryPoint","urlTemplate":"https:\/\/gerama.ch\/de\/?s={search_term_string}"},"query-input":{"@type":"PropertyValueSpecification","valueRequired":true,"valueName":"search_term_string"}}],"inLanguage":"de"},{"@type":"Organization","@id":"https:\/\/gerama.ch\/de\/#organization","name":"Gerama Immobilier Immobilien","url":"https:\/\/gerama.ch\/de\/","logo":{"@type":"ImageObject","inLanguage":"de","@id":"https:\/\/gerama.ch\/de\/#\/schema\/logo\/image\/","url":"https:\/\/gerama.ch\/wp-content\/uploads\/2020\/05\/logoSmall.png","contentUrl":"https:\/\/gerama.ch\/wp-content\/uploads\/2020\/05\/logoSmall.png","width":150,"height":74,"caption":"Gerama Immobilier Immobilien"},"image":{"@id":"https:\/\/gerama.ch\/de\/#\/schema\/logo\/image\/"},"sameAs":["https:\/\/www.latest.facebook.com\/geramaag\/","https:\/\/www.youtube.com\/@geramaimmobilier3471","https:\/\/www.linkedin.com\/company\/gerama\/posts\/?feedView=all","https:\/\/www.instagram.com\/geramaimmobilier\/"]}]}},"_links":{"self":[{"href":"https:\/\/gerama.ch\/de\/wp-json\/wp\/v2\/pages\/18718","targetHints":{"allow":["GET"]}}],"collection":[{"href":"https:\/\/gerama.ch\/de\/wp-json\/wp\/v2\/pages"}],"about":[{"href":"https:\/\/gerama.ch\/de\/wp-json\/wp\/v2\/types\/page"}],"author":[{"embeddable":true,"href":"https:\/\/gerama.ch\/de\/wp-json\/wp\/v2\/users\/1"}],"replies":[{"embeddable":true,"href":"https:\/\/gerama.ch\/de\/wp-json\/wp\/v2\/comments?post=18718"}],"version-history":[{"count":0,"href":"https:\/\/gerama.ch\/de\/wp-json\/wp\/v2\/pages\/18718\/revisions"}],"wp:attachment":[{"href":"https:\/\/gerama.ch\/de\/wp-json\/wp\/v2\/media?parent=18718"}],"curies":[{"name":"wp","href":"https:\/\/api.w.org\/{rel}","templated":true}]}}