{"id":952929,"date":"2023-06-13T21:42:36","date_gmt":"2023-06-13T19:42:36","guid":{"rendered":"https:\/\/gerama.ch\/?page_id=952929"},"modified":"2025-11-12T15:21:16","modified_gmt":"2025-11-12T14:21:16","slug":"la-vue-damont","status":"publish","type":"page","link":"https:\/\/gerama.ch\/de\/la-vue-damont\/","title":{"rendered":"La Vue d&#8217;Amont"},"content":{"rendered":"\t\t<div data-elementor-type=\"wp-page\" data-elementor-id=\"952929\" class=\"elementor elementor-952929 elementor-952928\" data-elementor-post-type=\"page\">\n\t\t\t\t\t\t<section class=\"elementor-section elementor-top-section elementor-element elementor-element-3cfe4fc elementor-section-stretched elementor-section-boxed elementor-section-height-default elementor-section-height-default\" data-id=\"3cfe4fc\" data-element_type=\"section\" data-e-type=\"section\" data-settings=\"{&quot;stretch_section&quot;:&quot;section-stretched&quot;,&quot;background_background&quot;:&quot;classic&quot;,&quot;jet_parallax_layout_list&quot;:[]}\">\n\t\t\t\t\t\t<div class=\"elementor-container elementor-column-gap-default\">\n\t\t\t\t\t<div class=\"elementor-column elementor-col-100 elementor-top-column elementor-element elementor-element-80b29d6\" data-id=\"80b29d6\" data-element_type=\"column\" data-e-type=\"column\">\n\t\t\t<div class=\"elementor-widget-wrap elementor-element-populated\">\n\t\t\t\t\t\t<div class=\"elementor-element elementor-element-be837c6 animated-fast elementor-invisible elementor-widget elementor-widget-heading\" data-id=\"be837c6\" data-element_type=\"widget\" data-e-type=\"widget\" data-settings=\"{&quot;_animation&quot;:&quot;opal-move-up&quot;}\" data-widget_type=\"heading.default\">\n\t\t\t\t<div class=\"elementor-widget-container\">\n\t\t\t\t\t<h2 class=\"elementor-heading-title elementor-size-default\">La Vue d'Amont<\/h2>\t\t\t\t<\/div>\n\t\t\t\t<\/div>\n\t\t\t\t<div class=\"elementor-element elementor-element-40fe70f elementor-widget-divider--view-line elementor-widget elementor-widget-divider\" data-id=\"40fe70f\" data-element_type=\"widget\" data-e-type=\"widget\" data-widget_type=\"divider.default\">\n\t\t\t\t<div class=\"elementor-widget-container\">\n\t\t\t\t\t\t\t<div class=\"elementor-divider\">\n\t\t\t<span class=\"elementor-divider-separator\">\n\t\t\t\t\t\t<\/span>\n\t\t<\/div>\n\t\t\t\t\t\t<\/div>\n\t\t\t\t<\/div>\n\t\t\t\t\t<\/div>\n\t\t<\/div>\n\t\t\t\t\t<\/div>\n\t\t<\/section>\n\t\t\t\t<section class=\"elementor-section elementor-top-section elementor-element elementor-element-083f96e elementor-section-content-middle elementor-section-stretched elementor-section-boxed elementor-section-height-default elementor-section-height-default\" data-id=\"083f96e\" data-element_type=\"section\" data-e-type=\"section\" data-settings=\"{&quot;stretch_section&quot;:&quot;section-stretched&quot;,&quot;background_background&quot;:&quot;classic&quot;,&quot;jet_parallax_layout_list&quot;:[]}\">\n\t\t\t\t\t\t<div class=\"elementor-container elementor-column-gap-default\">\n\t\t\t\t\t<div class=\"elementor-column elementor-col-100 elementor-top-column elementor-element elementor-element-61e16a4\" data-id=\"61e16a4\" data-element_type=\"column\" data-e-type=\"column\">\n\t\t\t<div class=\"elementor-widget-wrap elementor-element-populated\">\n\t\t\t\t\t\t<div class=\"elementor-element elementor-element-2aeb559 elementor-align-center elementor-widget elementor-widget-button\" data-id=\"2aeb559\" data-element_type=\"widget\" data-e-type=\"widget\" data-widget_type=\"button.default\">\n\t\t\t\t<div class=\"elementor-widget-container\">\n\t\t\t\t\t\t\t\t\t<div class=\"elementor-button-wrapper\">\n\t\t\t\t\t<a class=\"elementor-button elementor-button-link elementor-size-sm\" href=\"https:\/\/gerama.ch\/de\/estate_property-de\/5371625-de\/\" target=\"_blank\">\n\t\t\t\t\t\t<span class=\"elementor-button-content-wrapper\">\n\t\t\t\t\t\t\t\t\t<span class=\"elementor-button-text\">Details der Immobilie<\/span>\n\t\t\t\t\t<\/span>\n\t\t\t\t\t<\/a>\n\t\t\t\t<\/div>\n\t\t\t\t\t\t\t\t<\/div>\n\t\t\t\t<\/div>\n\t\t\t\t<div class=\"elementor-element elementor-element-72df731 elementor-align-center elementor-widget elementor-widget-button\" data-id=\"72df731\" data-element_type=\"widget\" data-e-type=\"widget\" data-widget_type=\"button.default\">\n\t\t\t\t<div class=\"elementor-widget-container\">\n\t\t\t\t\t\t\t\t\t<div class=\"elementor-button-wrapper\">\n\t\t\t\t\t<a class=\"elementor-button elementor-button-link elementor-size-sm\" href=\"https:\/\/gerama.ch\/wp-content\/uploads\/2023\/08\/La_Vue_Amont_Matran_Gerama.pdf\" target=\"_blank\">\n\t\t\t\t\t\t<span class=\"elementor-button-content-wrapper\">\n\t\t\t\t\t\t\t\t\t<span class=\"elementor-button-text\">Flyers herunterladen (PDF)<\/span>\n\t\t\t\t\t<\/span>\n\t\t\t\t\t<\/a>\n\t\t\t\t<\/div>\n\t\t\t\t\t\t\t\t<\/div>\n\t\t\t\t<\/div>\n\t\t\t\t\t<\/div>\n\t\t<\/div>\n\t\t\t\t\t<\/div>\n\t\t<\/section>\n\t\t\t\t<section class=\"elementor-section elementor-top-section elementor-element elementor-element-9da998a elementor-section-content-middle elementor-section-stretched elementor-section-boxed elementor-section-height-default elementor-section-height-default\" data-id=\"9da998a\" data-element_type=\"section\" data-e-type=\"section\" data-settings=\"{&quot;stretch_section&quot;:&quot;section-stretched&quot;,&quot;background_background&quot;:&quot;classic&quot;,&quot;jet_parallax_layout_list&quot;:[]}\">\n\t\t\t\t\t\t<div class=\"elementor-container elementor-column-gap-no\">\n\t\t\t\t\t<div class=\"elementor-column elementor-col-100 elementor-top-column elementor-element elementor-element-797a037\" data-id=\"797a037\" data-element_type=\"column\" data-e-type=\"column\">\n\t\t\t<div class=\"elementor-widget-wrap elementor-element-populated\">\n\t\t\t\t\t\t<section class=\"elementor-section elementor-inner-section elementor-element elementor-element-d3ec786 elementor-section-content-middle elementor-section-boxed elementor-section-height-default elementor-section-height-default\" data-id=\"d3ec786\" data-element_type=\"section\" data-e-type=\"section\" data-settings=\"{&quot;jet_parallax_layout_list&quot;:[]}\">\n\t\t\t\t\t\t<div class=\"elementor-container elementor-column-gap-no\">\n\t\t\t\t\t<div class=\"elementor-column elementor-col-100 elementor-inner-column elementor-element elementor-element-a782f01\" data-id=\"a782f01\" data-element_type=\"column\" data-e-type=\"column\">\n\t\t\t<div class=\"elementor-widget-wrap elementor-element-populated\">\n\t\t\t\t\t\t<div class=\"elementor-element elementor-element-c7a7796 elementor-widget elementor-widget-image\" data-id=\"c7a7796\" data-element_type=\"widget\" data-e-type=\"widget\" data-widget_type=\"image.default\">\n\t\t\t\t<div class=\"elementor-widget-container\">\n\t\t\t\t\t\t\t\t\t\t\t\t\t\t\t<img fetchpriority=\"high\" decoding=\"async\" width=\"906\" height=\"256\" src=\"data:image\/gif;base64,R0lGODlhAQABAAAAACH5BAEKAAEALAAAAAABAAEAAAICTAEAOw==\" class=\"attachment-full size-full wp-image-996386 lazyload\" alt=\"\" sizes=\"(max-width: 906px) 100vw, 906px\" data-src=\"https:\/\/gerama.ch\/wp-content\/uploads\/2023\/08\/Entete-VudedAmont-FR3.jpg\" data-srcset=\"https:\/\/gerama.ch\/wp-content\/uploads\/2023\/08\/Entete-VudedAmont-FR3.jpg 906w, https:\/\/gerama.ch\/wp-content\/uploads\/2023\/08\/Entete-VudedAmont-FR3-300x85.jpg 300w, https:\/\/gerama.ch\/wp-content\/uploads\/2023\/08\/Entete-VudedAmont-FR3-768x217.jpg 768w\">\t\t\t\t\t\t\t\t\t\t\t\t\t\t\t<\/div>\n\t\t\t\t<\/div>\n\t\t\t\t\t<\/div>\n\t\t<\/div>\n\t\t\t\t\t<\/div>\n\t\t<\/section>\n\t\t\t\t<section class=\"elementor-section elementor-inner-section elementor-element elementor-element-3af7914 elementor-section-content-middle elementor-section-boxed elementor-section-height-default elementor-section-height-default\" data-id=\"3af7914\" data-element_type=\"section\" data-e-type=\"section\" data-settings=\"{&quot;jet_parallax_layout_list&quot;:[]}\">\n\t\t\t\t\t\t<div class=\"elementor-container elementor-column-gap-no\">\n\t\t\t\t\t<div class=\"elementor-column elementor-col-100 elementor-inner-column elementor-element elementor-element-40b65ba\" data-id=\"40b65ba\" data-element_type=\"column\" data-e-type=\"column\">\n\t\t\t<div class=\"elementor-widget-wrap elementor-element-populated\">\n\t\t\t\t\t\t<div class=\"elementor-element elementor-element-069ab2f elementor-widget elementor-widget-image\" data-id=\"069ab2f\" data-element_type=\"widget\" data-e-type=\"widget\" data-widget_type=\"image.default\">\n\t\t\t\t<div class=\"elementor-widget-container\">\n\t\t\t\t\t\t\t\t\t\t\t\t\t\t\t<img decoding=\"async\" width=\"906\" height=\"568\" src=\"data:image\/gif;base64,R0lGODlhAQABAAAAACH5BAEKAAEALAAAAAABAAEAAAICTAEAOw==\" class=\"attachment-full size-full wp-image-996375 lazyload\" alt=\"\" sizes=\"(max-width: 906px) 100vw, 906px\" data-src=\"https:\/\/gerama.ch\/wp-content\/uploads\/2023\/08\/Corps-VuedAmont-FR5.jpg\" data-srcset=\"https:\/\/gerama.ch\/wp-content\/uploads\/2023\/08\/Corps-VuedAmont-FR5.jpg 906w, https:\/\/gerama.ch\/wp-content\/uploads\/2023\/08\/Corps-VuedAmont-FR5-300x188.jpg 300w, https:\/\/gerama.ch\/wp-content\/uploads\/2023\/08\/Corps-VuedAmont-FR5-768x481.jpg 768w, https:\/\/gerama.ch\/wp-content\/uploads\/2023\/08\/Corps-VuedAmont-FR5-525x328.jpg 525w\">\t\t\t\t\t\t\t\t\t\t\t\t\t\t\t<\/div>\n\t\t\t\t<\/div>\n\t\t\t\t\t<\/div>\n\t\t<\/div>\n\t\t\t\t\t<\/div>\n\t\t<\/section>\n\t\t\t\t<section class=\"elementor-section elementor-inner-section elementor-element elementor-element-862486c elementor-section-content-middle elementor-section-boxed elementor-section-height-default elementor-section-height-default\" data-id=\"862486c\" data-element_type=\"section\" data-e-type=\"section\" data-settings=\"{&quot;jet_parallax_layout_list&quot;:[]}\">\n\t\t\t\t\t\t<div class=\"elementor-container elementor-column-gap-no\">\n\t\t\t\t\t<div class=\"elementor-column elementor-col-100 elementor-inner-column elementor-element elementor-element-e5a7206\" data-id=\"e5a7206\" data-element_type=\"column\" data-e-type=\"column\">\n\t\t\t<div class=\"elementor-widget-wrap elementor-element-populated\">\n\t\t\t\t\t\t<div class=\"elementor-element elementor-element-d0497ec elementor-widget elementor-widget-image\" data-id=\"d0497ec\" data-element_type=\"widget\" data-e-type=\"widget\" data-widget_type=\"image.default\">\n\t\t\t\t<div class=\"elementor-widget-container\">\n\t\t\t\t\t\t\t\t\t\t\t\t\t\t\t<img decoding=\"async\" width=\"906\" height=\"457\" src=\"data:image\/gif;base64,R0lGODlhAQABAAAAACH5BAEKAAEALAAAAAABAAEAAAICTAEAOw==\" class=\"attachment-full size-full wp-image-996368 lazyload\" alt=\"\" sizes=\"(max-width: 906px) 100vw, 906px\" data-src=\"https:\/\/gerama.ch\/wp-content\/uploads\/2023\/08\/Pied-VuedAmont-FR3.jpg\" data-srcset=\"https:\/\/gerama.ch\/wp-content\/uploads\/2023\/08\/Pied-VuedAmont-FR3.jpg 906w, https:\/\/gerama.ch\/wp-content\/uploads\/2023\/08\/Pied-VuedAmont-FR3-300x151.jpg 300w, https:\/\/gerama.ch\/wp-content\/uploads\/2023\/08\/Pied-VuedAmont-FR3-768x387.jpg 768w\">\t\t\t\t\t\t\t\t\t\t\t\t\t\t\t<\/div>\n\t\t\t\t<\/div>\n\t\t\t\t\t<\/div>\n\t\t<\/div>\n\t\t\t\t\t<\/div>\n\t\t<\/section>\n\t\t\t\t\t<\/div>\n\t\t<\/div>\n\t\t\t\t\t<\/div>\n\t\t<\/section>\n\t\t\t\t<\/div>\n\t\t","protected":false},"excerpt":{"rendered":"<p>La Vue d&#8217;Amont Details der Immobilie Flyers herunterladen (PDF)<\/p>\n","protected":false},"author":1,"featured_media":0,"parent":0,"menu_order":0,"comment_status":"closed","ping_status":"closed","template":"","meta":{"footnotes":""},"class_list":["post-952929","page","type-page","status-publish","hentry"],"yoast_head":"<!-- This site is optimized with the Yoast SEO plugin v27.3 - https:\/\/yoast.com\/product\/yoast-seo-wordpress\/ -->\n<title>La Vue d&#039;Amont &#8211; Gerama Immobilier &#8211; Fribourg<\/title>\n<meta name=\"description\" content=\"Trouver un bien parmi nos projets neufs \u00e0 acheter. De nouvelles promotions sont r\u00e9guli\u00e8rement mises en ligne.\" \/>\n<meta name=\"robots\" content=\"index, follow, max-snippet:-1, max-image-preview:large, max-video-preview:-1\" \/>\n<link rel=\"canonical\" href=\"https:\/\/gerama.ch\/de\/la-vue-damont\/\" \/>\n<meta property=\"og:locale\" content=\"de_DE\" \/>\n<meta property=\"og:type\" content=\"article\" \/>\n<meta property=\"og:title\" content=\"La Vue d&#039;Amont &#8211; Gerama Immobilier &#8211; Fribourg\" \/>\n<meta property=\"og:description\" content=\"Trouver un bien parmi nos projets neufs \u00e0 acheter. De nouvelles promotions sont r\u00e9guli\u00e8rement mises en ligne.\" \/>\n<meta property=\"og:url\" content=\"https:\/\/gerama.ch\/de\/la-vue-damont\/\" \/>\n<meta property=\"og:site_name\" content=\"Gerama\" \/>\n<meta property=\"article:publisher\" content=\"https:\/\/www.latest.facebook.com\/geramaag\/\" \/>\n<meta property=\"article:modified_time\" content=\"2025-11-12T14:21:16+00:00\" \/>\n<meta property=\"og:image\" content=\"https:\/\/gerama.ch\/wp-content\/uploads\/2023\/08\/Entete-VudedAmont-FR3.jpg\" \/>\n\t<meta property=\"og:image:width\" content=\"906\" \/>\n\t<meta property=\"og:image:height\" content=\"256\" \/>\n\t<meta property=\"og:image:type\" content=\"image\/jpeg\" \/>\n<meta name=\"twitter:card\" content=\"summary_large_image\" \/>\n<meta name=\"twitter:label1\" content=\"Gesch\u00e4tzte Lesezeit\" \/>\n\t<meta name=\"twitter:data1\" content=\"1\u00a0Minute\" \/>\n<script type=\"application\/ld+json\" class=\"yoast-schema-graph\">{\"@context\":\"https:\\\/\\\/schema.org\",\"@graph\":[{\"@type\":\"WebPage\",\"@id\":\"https:\\\/\\\/gerama.ch\\\/de\\\/la-vue-damont\\\/\",\"url\":\"https:\\\/\\\/gerama.ch\\\/de\\\/la-vue-damont\\\/\",\"name\":\"La Vue d'Amont &#8211; Gerama Immobilier &#8211; Fribourg\",\"isPartOf\":{\"@id\":\"https:\\\/\\\/gerama.ch\\\/de\\\/#website\"},\"primaryImageOfPage\":{\"@id\":\"https:\\\/\\\/gerama.ch\\\/de\\\/la-vue-damont\\\/#primaryimage\"},\"image\":{\"@id\":\"https:\\\/\\\/gerama.ch\\\/de\\\/la-vue-damont\\\/#primaryimage\"},\"thumbnailUrl\":\"https:\\\/\\\/gerama.ch\\\/wp-content\\\/uploads\\\/2023\\\/08\\\/Entete-VudedAmont-FR3.jpg\",\"datePublished\":\"2023-06-13T19:42:36+00:00\",\"dateModified\":\"2025-11-12T14:21:16+00:00\",\"description\":\"Trouver un bien parmi nos projets neufs \u00e0 acheter. De nouvelles promotions sont r\u00e9guli\u00e8rement mises en ligne.\",\"breadcrumb\":{\"@id\":\"https:\\\/\\\/gerama.ch\\\/de\\\/la-vue-damont\\\/#breadcrumb\"},\"inLanguage\":\"de\",\"potentialAction\":[{\"@type\":\"ReadAction\",\"target\":[\"https:\\\/\\\/gerama.ch\\\/de\\\/la-vue-damont\\\/\"]}]},{\"@type\":\"ImageObject\",\"inLanguage\":\"de\",\"@id\":\"https:\\\/\\\/gerama.ch\\\/de\\\/la-vue-damont\\\/#primaryimage\",\"url\":\"https:\\\/\\\/gerama.ch\\\/wp-content\\\/uploads\\\/2023\\\/08\\\/Entete-VudedAmont-FR3.jpg\",\"contentUrl\":\"https:\\\/\\\/gerama.ch\\\/wp-content\\\/uploads\\\/2023\\\/08\\\/Entete-VudedAmont-FR3.jpg\"},{\"@type\":\"BreadcrumbList\",\"@id\":\"https:\\\/\\\/gerama.ch\\\/de\\\/la-vue-damont\\\/#breadcrumb\",\"itemListElement\":[{\"@type\":\"ListItem\",\"position\":1,\"name\":\"Accueil\",\"item\":\"https:\\\/\\\/gerama.ch\\\/de\\\/gerama-immobilien-freiburg-mieten-kaufen\\\/\"},{\"@type\":\"ListItem\",\"position\":2,\"name\":\"La Vue d&rsquo;Amont\"}]},{\"@type\":\"WebSite\",\"@id\":\"https:\\\/\\\/gerama.ch\\\/de\\\/#website\",\"url\":\"https:\\\/\\\/gerama.ch\\\/de\\\/\",\"name\":\"Gerama\",\"description\":\"\",\"publisher\":{\"@id\":\"https:\\\/\\\/gerama.ch\\\/de\\\/#organization\"},\"potentialAction\":[{\"@type\":\"SearchAction\",\"target\":{\"@type\":\"EntryPoint\",\"urlTemplate\":\"https:\\\/\\\/gerama.ch\\\/de\\\/?s={search_term_string}\"},\"query-input\":{\"@type\":\"PropertyValueSpecification\",\"valueRequired\":true,\"valueName\":\"search_term_string\"}}],\"inLanguage\":\"de\"},{\"@type\":\"Organization\",\"@id\":\"https:\\\/\\\/gerama.ch\\\/de\\\/#organization\",\"name\":\"Gerama Immobilier Immobilien\",\"url\":\"https:\\\/\\\/gerama.ch\\\/de\\\/\",\"logo\":{\"@type\":\"ImageObject\",\"inLanguage\":\"de\",\"@id\":\"https:\\\/\\\/gerama.ch\\\/de\\\/#\\\/schema\\\/logo\\\/image\\\/\",\"url\":\"https:\\\/\\\/gerama.ch\\\/wp-content\\\/uploads\\\/2020\\\/05\\\/logoSmall.png\",\"contentUrl\":\"https:\\\/\\\/gerama.ch\\\/wp-content\\\/uploads\\\/2020\\\/05\\\/logoSmall.png\",\"width\":150,\"height\":74,\"caption\":\"Gerama Immobilier Immobilien\"},\"image\":{\"@id\":\"https:\\\/\\\/gerama.ch\\\/de\\\/#\\\/schema\\\/logo\\\/image\\\/\"},\"sameAs\":[\"https:\\\/\\\/www.latest.facebook.com\\\/geramaag\\\/\",\"https:\\\/\\\/www.youtube.com\\\/@geramaimmobilier3471\",\"https:\\\/\\\/www.linkedin.com\\\/company\\\/gerama\\\/posts\\\/?feedView=all\",\"https:\\\/\\\/www.instagram.com\\\/geramaimmobilier\\\/\"]}]}<\/script>\n<!-- \/ Yoast SEO plugin. -->","yoast_head_json":{"title":"La Vue d'Amont &#8211; Gerama Immobilier &#8211; Fribourg","description":"Trouver un bien parmi nos projets neufs \u00e0 acheter. De nouvelles promotions sont r\u00e9guli\u00e8rement mises en ligne.","robots":{"index":"index","follow":"follow","max-snippet":"max-snippet:-1","max-image-preview":"max-image-preview:large","max-video-preview":"max-video-preview:-1"},"canonical":"https:\/\/gerama.ch\/de\/la-vue-damont\/","og_locale":"de_DE","og_type":"article","og_title":"La Vue d'Amont &#8211; Gerama Immobilier &#8211; Fribourg","og_description":"Trouver un bien parmi nos projets neufs \u00e0 acheter. De nouvelles promotions sont r\u00e9guli\u00e8rement mises en ligne.","og_url":"https:\/\/gerama.ch\/de\/la-vue-damont\/","og_site_name":"Gerama","article_publisher":"https:\/\/www.latest.facebook.com\/geramaag\/","article_modified_time":"2025-11-12T14:21:16+00:00","og_image":[{"width":906,"height":256,"url":"https:\/\/gerama.ch\/wp-content\/uploads\/2023\/08\/Entete-VudedAmont-FR3.jpg","type":"image\/jpeg"}],"twitter_card":"summary_large_image","twitter_misc":{"Gesch\u00e4tzte Lesezeit":"1\u00a0Minute"},"schema":{"@context":"https:\/\/schema.org","@graph":[{"@type":"WebPage","@id":"https:\/\/gerama.ch\/de\/la-vue-damont\/","url":"https:\/\/gerama.ch\/de\/la-vue-damont\/","name":"La Vue d'Amont &#8211; Gerama Immobilier &#8211; Fribourg","isPartOf":{"@id":"https:\/\/gerama.ch\/de\/#website"},"primaryImageOfPage":{"@id":"https:\/\/gerama.ch\/de\/la-vue-damont\/#primaryimage"},"image":{"@id":"https:\/\/gerama.ch\/de\/la-vue-damont\/#primaryimage"},"thumbnailUrl":"https:\/\/gerama.ch\/wp-content\/uploads\/2023\/08\/Entete-VudedAmont-FR3.jpg","datePublished":"2023-06-13T19:42:36+00:00","dateModified":"2025-11-12T14:21:16+00:00","description":"Trouver un bien parmi nos projets neufs \u00e0 acheter. De nouvelles promotions sont r\u00e9guli\u00e8rement mises en ligne.","breadcrumb":{"@id":"https:\/\/gerama.ch\/de\/la-vue-damont\/#breadcrumb"},"inLanguage":"de","potentialAction":[{"@type":"ReadAction","target":["https:\/\/gerama.ch\/de\/la-vue-damont\/"]}]},{"@type":"ImageObject","inLanguage":"de","@id":"https:\/\/gerama.ch\/de\/la-vue-damont\/#primaryimage","url":"https:\/\/gerama.ch\/wp-content\/uploads\/2023\/08\/Entete-VudedAmont-FR3.jpg","contentUrl":"https:\/\/gerama.ch\/wp-content\/uploads\/2023\/08\/Entete-VudedAmont-FR3.jpg"},{"@type":"BreadcrumbList","@id":"https:\/\/gerama.ch\/de\/la-vue-damont\/#breadcrumb","itemListElement":[{"@type":"ListItem","position":1,"name":"Accueil","item":"https:\/\/gerama.ch\/de\/gerama-immobilien-freiburg-mieten-kaufen\/"},{"@type":"ListItem","position":2,"name":"La Vue d&rsquo;Amont"}]},{"@type":"WebSite","@id":"https:\/\/gerama.ch\/de\/#website","url":"https:\/\/gerama.ch\/de\/","name":"Gerama","description":"","publisher":{"@id":"https:\/\/gerama.ch\/de\/#organization"},"potentialAction":[{"@type":"SearchAction","target":{"@type":"EntryPoint","urlTemplate":"https:\/\/gerama.ch\/de\/?s={search_term_string}"},"query-input":{"@type":"PropertyValueSpecification","valueRequired":true,"valueName":"search_term_string"}}],"inLanguage":"de"},{"@type":"Organization","@id":"https:\/\/gerama.ch\/de\/#organization","name":"Gerama Immobilier Immobilien","url":"https:\/\/gerama.ch\/de\/","logo":{"@type":"ImageObject","inLanguage":"de","@id":"https:\/\/gerama.ch\/de\/#\/schema\/logo\/image\/","url":"https:\/\/gerama.ch\/wp-content\/uploads\/2020\/05\/logoSmall.png","contentUrl":"https:\/\/gerama.ch\/wp-content\/uploads\/2020\/05\/logoSmall.png","width":150,"height":74,"caption":"Gerama Immobilier Immobilien"},"image":{"@id":"https:\/\/gerama.ch\/de\/#\/schema\/logo\/image\/"},"sameAs":["https:\/\/www.latest.facebook.com\/geramaag\/","https:\/\/www.youtube.com\/@geramaimmobilier3471","https:\/\/www.linkedin.com\/company\/gerama\/posts\/?feedView=all","https:\/\/www.instagram.com\/geramaimmobilier\/"]}]}},"_links":{"self":[{"href":"https:\/\/gerama.ch\/de\/wp-json\/wp\/v2\/pages\/952929","targetHints":{"allow":["GET"]}}],"collection":[{"href":"https:\/\/gerama.ch\/de\/wp-json\/wp\/v2\/pages"}],"about":[{"href":"https:\/\/gerama.ch\/de\/wp-json\/wp\/v2\/types\/page"}],"author":[{"embeddable":true,"href":"https:\/\/gerama.ch\/de\/wp-json\/wp\/v2\/users\/1"}],"replies":[{"embeddable":true,"href":"https:\/\/gerama.ch\/de\/wp-json\/wp\/v2\/comments?post=952929"}],"version-history":[{"count":3,"href":"https:\/\/gerama.ch\/de\/wp-json\/wp\/v2\/pages\/952929\/revisions"}],"predecessor-version":[{"id":1308351,"href":"https:\/\/gerama.ch\/de\/wp-json\/wp\/v2\/pages\/952929\/revisions\/1308351"}],"wp:attachment":[{"href":"https:\/\/gerama.ch\/de\/wp-json\/wp\/v2\/media?parent=952929"}],"curies":[{"name":"wp","href":"https:\/\/api.w.org\/{rel}","templated":true}]}}